{"id":414,"date":"2025-06-28T08:57:46","date_gmt":"2025-06-28T08:57:46","guid":{"rendered":"https:\/\/larsogknut.no\/?page_id=414"},"modified":"2025-07-07T16:40:21","modified_gmt":"2025-07-07T16:40:21","slug":"bryllupets-hvem-hva-hvor","status":"publish","type":"page","link":"https:\/\/larsogknut.no\/?page_id=414","title":{"rendered":"Bryllupets hvem, hva, hvor"},"content":{"rendered":"<div  class='flex_column av-92khq-ea5517fd0f7b94030914372a0c1cb4c5 av_one_full  avia-builder-el-0  el_before_av_custom_layout  avia-builder-el-no-sibling  first flex_column_div  '     ><section  class='av_textblock_section av-mcg0b82n-6bff21f203b993f004bb7b9f050aac49 '   itemscope=\"itemscope\" itemtype=\"https:\/\/schema.org\/CreativeWork\" ><div class='avia_textblock'  itemprop=\"text\" ><h2><b>Slik blir bryllupet<\/b><\/h2>\n<p><span style=\"color: #0000ff;\">Nb! To endringer siden sist:<\/span> 1) Om det gettogether fredag blir flyttet inn pga. v\u00e6ret, s\u00e5 kan man ikke ta med egen alkohol inn, du\u00a0 m\u00e5 da kj\u00f8pe i baren. 2) Ventemat l\u00f8rdag blir klokka 12.00<\/p>\n<p><span style=\"font-weight: 400;\">N\u00e5 n\u00e6rmer det seg, og vi gleder oss fortsatt til \u00e5 feire sammen med dere! Her kommer en oversikt over helgen \u2013 hva som skjer fredag, l\u00f8rdag og s\u00f8ndag, i tillegg til kart, kontaktinfo og gjesteliste. Mye informasjon ligger ogs\u00e5 p\u00e5 <\/span><a href=\"https:\/\/larsogknut.no\/\"><span style=\"font-weight: 400;\">https:\/\/larsogknut.no\/<\/span><\/a><span style=\"font-weight: 400;\">\u00a0<\/span><\/p>\n<p><b>Kontaktinfo<\/b><b><br \/>\n<\/b><span style=\"font-weight: 400;\"><br \/>\n<\/span><b>Brudeparet<\/b><b><br \/>\n<\/b><span style=\"font-weight: 400;\">Lars \u00c5ke: 957 63 568<\/span><span style=\"font-weight: 400;\"><br \/>\n<\/span><span style=\"font-weight: 400;\">Knut-Bj\u00f8rnar: 915 64 512<\/span><\/p>\n<p><b>Toastmaster<\/b><b><br \/>\n<\/b><span style=\"font-weight: 400;\">Charles Johannessen<\/span><span style=\"font-weight: 400;\"><br \/>\n<\/span><span style=\"font-weight: 400;\">\ud83d\udce7 charles.johannessen@gmail.com<\/span><span style=\"font-weight: 400;\"><br \/>\n<\/span><span style=\"font-weight: 400;\">\ud83d\udcde 995 40 403<\/span><\/p>\n<p><span style=\"font-weight: 400;\">\ud83d\udce3 <\/span><b>Oppfordring:<\/b><b><br \/>\n<\/b><span style=\"font-weight: 400;\">Send gjerne toastmaster en morsom historie, en fun fact eller noe kuri\u00f8st om brudeparet \u2013 det gj\u00f8r kvelden ekstra g\u00f8yal om han kan krydre litt med dette! \u00d8nsker du \u00e5 holde en tale, ta kontakt med ham. Vi setter pris p\u00e5 korte taler (3\u20136 minutter).<\/span><\/p>\n<h2><b>Fredag 11.7:<\/b><b>\u00a0<\/b><\/h2>\n<p><span style=\"font-weight: 400;\">Ankomstdag for mange, innsjekk og en <\/span><b>uformell get-together:\u00a0<\/b><b><\/b><\/p>\n<ul>\n<li aria-level=\"1\"><b>Hvor: <\/b><span style=\"font-weight: 400;\">Stranden ved hotell (se kart).\u00a0<\/span><\/li>\n<li aria-level=\"1\"><b>Mat: <\/b><span style=\"font-weight: 400;\">Vi stiller med grill, p\u00f8lser, burger med tilbeh\u00f8r.\u00a0<\/span><\/li>\n<li aria-level=\"1\"><b>Tid: <\/b><span style=\"font-weight: 400;\">Kl. 18-20<\/span><\/li>\n<li aria-level=\"1\"><b>Drikke: <\/b><span style=\"font-weight: 400;\">Velkomstdrikk serveres. Vi har ogs\u00e5 brus. \u00d8vrig drikke medbringes selv.<\/span><\/li>\n<li aria-level=\"1\"><b>Ved d\u00e5rlig v\u00e6r:<\/b><span style=\"font-weight: 400;\"> Samme program flyttes innend\u00f8rs p\u00e5 hotellet. NB: ved flytting innen\u00f8d\u00f8rs m\u00e5 man kj\u00f8pe alholhol p\u00e5 hotellet.\u00a0<\/span><\/li>\n<li aria-level=\"1\"><b>Antrekk:<\/b><span style=\"font-weight: 400;\"> Uformelt<\/span><\/li>\n<\/ul>\n<h6><\/h6>\n<h2><b>L\u00f8rdag 12.7<\/b><\/h2>\n<p><b>Ventemat: <\/b><\/p>\n<ul>\n<li><strong>Sted:<\/strong> Hotellet<\/li>\n<li><strong>Tid:<\/strong> klokka 12.00<\/li>\n<li><span style=\"font-weight: 400;\"><strong>Hva:<\/strong> Wraps med laks og egger\u00f8re\/Wraps med spekeskinke<\/span><\/li>\n<\/ul>\n<p><b><i>Vielse:<\/i><\/b><\/p>\n<ul>\n<li style=\"font-weight: 400;\" aria-level=\"1\"><b>Sted: <\/b><span style=\"font-weight: 400;\">Stranden ved hotellet (samme som fredag)<\/span><\/li>\n<li style=\"font-weight: 400;\" aria-level=\"1\"><b>Tid: <\/b><span style=\"font-weight: 400;\">Kl. 14.00<\/span><\/li>\n<li style=\"font-weight: 400;\" aria-level=\"1\"><b>Form: <\/b><span style=\"font-weight: 400;\">Humanetisk vielse (ca. 30 minutter)<\/span><\/li>\n<li style=\"font-weight: 400;\" aria-level=\"1\"><b>Antrekk: <\/b><span style=\"font-weight: 400;\">Pent, husk paraply\/regnponcho ved litt d\u00e5rlig v\u00e6r. Ved skikkelig d\u00e5rlig v\u00e6r flyttes seremonien inn.<\/span><\/li>\n<li style=\"font-weight: 400;\" aria-level=\"1\"><b>Foto: <\/b><span style=\"font-weight: 400;\">Diskret og spredt fotografering er fint. Vi \u00f8nsker \u00e5 se dere mest, ikke skjermene. Etter seremoni blir det fotografering gruppevis &#8211; brudepar med foreldre osv.\u00a0<\/span><\/li>\n<\/ul>\n<p><b>Aperitiff og fruktfat<\/b><span style=\"font-weight: 400;\">\u00a0<\/span><\/p>\n<ul>\n<li style=\"font-weight: 400;\" aria-level=\"1\"><b>Tid: <\/b><span style=\"font-weight: 400;\">Kl. 15:30<\/span><\/li>\n<li style=\"font-weight: 400;\" aria-level=\"1\"><b>Sted:<\/b><span style=\"font-weight: 400;\"> Hotellet<\/span><\/li>\n<\/ul>\n<p><b><i>Middag:<\/i><\/b><\/p>\n<ul>\n<li style=\"font-weight: 400;\" aria-level=\"1\"><b>Hvor: <\/b><span style=\"font-weight: 400;\">Sommar\u00f8y hotel, Kaihuset.<\/span><\/li>\n<li style=\"font-weight: 400;\" aria-level=\"1\"><b>Tid: <\/b><span style=\"font-weight: 400;\">Kl. 16:30<\/span><\/li>\n<\/ul>\n<p><b>Innhold:<\/b><\/p>\n<ul>\n<li style=\"font-weight: 400;\" aria-level=\"1\"><span style=\"font-weight: 400;\">Middag med vin og brus<\/span><\/li>\n<li style=\"font-weight: 400;\" aria-level=\"1\"><span style=\"font-weight: 400;\">Bordtaler og sk\u00e5ler<\/span><\/li>\n<li style=\"font-weight: 400;\" aria-level=\"1\"><span style=\"font-weight: 400;\">Musikk (fra anlegg), dans og god stemning<\/span><\/li>\n<li style=\"font-weight: 400;\" aria-level=\"1\"><span style=\"font-weight: 400;\">Benstrekk og pause f\u00f8r kakebord<\/span><\/li>\n<li style=\"font-weight: 400;\" aria-level=\"1\"><span style=\"font-weight: 400;\">Egen drikke kj\u00f8pes etter middag<\/span><\/li>\n<\/ul>\n<p><b>Nattmat kl. 01:00:<\/b><span style=\"font-weight: 400;\"> P\u00f8lse med br\u00f8d\/lompe. <\/span><b>Sluttid:<\/b><span style=\"font-weight: 400;\"> Lokalet stenger kl. 03:30, baren kl. 03:00<\/span><\/p>\n<h2><b>S\u00f8ndag 13.7:<\/b><b>\u00a0<\/b><\/h2>\n<h3><b>\u2013 Kakerestefest<\/b><\/h3>\n<p><b>Tid: Kl. 12:00<\/b><b><br \/>\n<\/b><b>Sted:<\/b><span style=\"font-weight: 400;\"> Etter utsjekk \u2013 p\u00e5 hotellet i bryllupslokalet.<\/span><span style=\"font-weight: 400;\"><br \/>\n<\/span><span style=\"font-weight: 400;\">Kaffe og kakerester f\u00f8r alle reiser videre<\/span><\/p>\n<\/div><\/section><\/div><article style=\"padding:1em 0; text-align:center; width:100%; clear:both;\" class=\"entry-content main_color\"  itemscope=\"itemscope\" itemtype=\"https:\/\/schema.org\/CreativeWork\" >Custom Layout Element - You did not select an entry to display.<\/article><\/p>\n","protected":false},"excerpt":{"rendered":"","protected":false},"author":1,"featured_media":0,"parent":0,"menu_order":0,"comment_status":"closed","ping_status":"closed","template":"","meta":{"footnotes":""},"class_list":["post-414","page","type-page","status-publish","hentry"],"_links":{"self":[{"href":"https:\/\/larsogknut.no\/index.php?rest_route=\/wp\/v2\/pages\/414","targetHints":{"allow":["GET"]}}],"collection":[{"href":"https:\/\/larsogknut.no\/index.php?rest_route=\/wp\/v2\/pages"}],"about":[{"href":"https:\/\/larsogknut.no\/index.php?rest_route=\/wp\/v2\/types\/page"}],"author":[{"embeddable":true,"href":"https:\/\/larsogknut.no\/index.php?rest_route=\/wp\/v2\/users\/1"}],"replies":[{"embeddable":true,"href":"https:\/\/larsogknut.no\/index.php?rest_route=%2Fwp%2Fv2%2Fcomments&post=414"}],"version-history":[{"count":6,"href":"https:\/\/larsogknut.no\/index.php?rest_route=\/wp\/v2\/pages\/414\/revisions"}],"predecessor-version":[{"id":426,"href":"https:\/\/larsogknut.no\/index.php?rest_route=\/wp\/v2\/pages\/414\/revisions\/426"}],"wp:attachment":[{"href":"https:\/\/larsogknut.no\/index.php?rest_route=%2Fwp%2Fv2%2Fmedia&parent=414"}],"curies":[{"name":"wp","href":"https:\/\/api.w.org\/{rel}","templated":true}]}}